{"id":198,"date":"2026-01-28T15:37:19","date_gmt":"2026-01-28T14:37:19","guid":{"rendered":"https:\/\/lapapeteriedetulette.com\/?page_id=198"},"modified":"2026-02-25T12:27:11","modified_gmt":"2026-02-25T11:27:11","slug":"mentions-legales","status":"publish","type":"page","link":"https:\/\/lapapeteriedetulette.com\/en\/mentions-legales\/","title":{"rendered":"Terms"},"content":{"rendered":"<div data-elementor-type=\"wp-page\" data-elementor-id=\"198\" class=\"elementor elementor-198\" data-elementor-post-type=\"page\">\n\t\t\t\t<div class=\"elementor-element elementor-element-249c612 e-flex e-con-boxed e-con e-parent\" data-id=\"249c612\" data-element_type=\"container\" data-e-type=\"container\" data-settings=\"{&quot;background_background&quot;:&quot;classic&quot;}\">\n\t\t\t\t\t<div class=\"e-con-inner\">\n\t\t<div class=\"elementor-element elementor-element-29b1a42 e-flex e-con-boxed e-con e-child\" data-id=\"29b1a42\" data-element_type=\"container\" data-e-type=\"container\">\n\t\t\t\t\t<div class=\"e-con-inner\">\n\t\t\t\t<div class=\"elementor-element elementor-element-65c9a34 elementor-widget__width-initial elementor-widget-mobile__width-inherit elementor-widget elementor-widget-heading\" data-id=\"65c9a34\" data-element_type=\"widget\" data-e-type=\"widget\" data-widget_type=\"heading.default\">\n\t\t\t\t\t<h1 class=\"elementor-heading-title elementor-size-default\">Terms<\/h1>\t\t\t\t<\/div>\n\t\t\t\t\t<\/div>\n\t\t\t\t<\/div>\n\t\t\t\t\t<\/div>\n\t\t\t\t<\/div>\n\t\t<div class=\"elementor-element elementor-element-e5a6c85 e-flex e-con-boxed e-con e-parent\" data-id=\"e5a6c85\" data-element_type=\"container\" data-e-type=\"container\" data-settings=\"{&quot;background_background&quot;:&quot;classic&quot;}\">\n\t\t\t\t\t<div class=\"e-con-inner\">\n\t\t\t\t<div class=\"elementor-element elementor-element-96202c3 elementor-widget elementor-widget-text-editor\" data-id=\"96202c3\" data-element_type=\"widget\" data-e-type=\"widget\" data-widget_type=\"text-editor.default\">\n\t\t\t\t\t\t\t\t\t<h2>Website publisher<\/h2><p>This website is published by La Papeterie.<\/p><p class=\"translation-block\"><b>La Papeterie<\/b> \u2013 Sole Proprietorship<br>\nResponsible: Agn\u00e8s Percie du Sert<br>\nRegistered under SIREN number 450451737<br>\nAddress: 1101 chemin de la papeterie, 26790 Tulette, France<br>\nPhone: +33 6 12 02 09 18<\/p><p class=\"translation-block\">Publication editor: Didier Percie du Sert<br>\nDirector of publication: Didier Percie du Sert<br>\n<span style=\"font-size: 1rem\">Editorial manager: Didier Percie du Sert<br><\/span>\n<span style=\"font-size: 1rem\">Webmaster: Didier Percie du Sert<\/span><\/p><h2>Design<\/h2><p>This website was created by the web publishing company <a href=\"https:\/\/unitros.com\">Unitros.<\/a><\/p><h2>Hosting provider<\/h2><p class=\"translation-block\">This website is hosted by:<br>\nOVH<br>\nRegistered office: 2 rue Kellermann \u2013 59100 Roubaix, France<br>\nPhone: +33 (0)8 99 70 17 61<\/p>\t\t\t\t\t\t\t\t<\/div>\n\t\t\t\t\t<\/div>\n\t\t\t\t<\/div>\n\t\t\t\t<\/div>","protected":false},"excerpt":{"rendered":"<p>Mentions l\u00e9gales Editeur du site Le pr\u00e9sent site web est \u00e9dit\u00e9 par La Papeterie. La Papeterie &#8211; Entreprise Individuelle (EI)Responsable : Agn\u00e8s Percie du SertImmatricul\u00e9e sous le num\u00e9ro SIREN 450451737Adresse : 1101 chemin de la papeterie, 26790 TuletteT\u00e9l\u00e9phone : 06 12 02 09 18 \u00c9diteur de la publication : Didier Percie du SertDirecteur de la [&hellip;]<\/p>\n","protected":false},"author":1,"featured_media":0,"parent":0,"menu_order":0,"comment_status":"closed","ping_status":"closed","template":"","meta":{"_seopress_robots_primary_cat":"","_seopress_titles_title":"","_seopress_titles_desc":"","_seopress_robots_index":"","footnotes":""},"class_list":["post-198","page","type-page","status-publish","hentry"],"_links":{"self":[{"href":"https:\/\/lapapeteriedetulette.com\/en\/wp-json\/wp\/v2\/pages\/198","targetHints":{"allow":["GET"]}}],"collection":[{"href":"https:\/\/lapapeteriedetulette.com\/en\/wp-json\/wp\/v2\/pages"}],"about":[{"href":"https:\/\/lapapeteriedetulette.com\/en\/wp-json\/wp\/v2\/types\/page"}],"author":[{"embeddable":true,"href":"https:\/\/lapapeteriedetulette.com\/en\/wp-json\/wp\/v2\/users\/1"}],"replies":[{"embeddable":true,"href":"https:\/\/lapapeteriedetulette.com\/en\/wp-json\/wp\/v2\/comments?post=198"}],"version-history":[{"count":6,"href":"https:\/\/lapapeteriedetulette.com\/en\/wp-json\/wp\/v2\/pages\/198\/revisions"}],"predecessor-version":[{"id":1304,"href":"https:\/\/lapapeteriedetulette.com\/en\/wp-json\/wp\/v2\/pages\/198\/revisions\/1304"}],"wp:attachment":[{"href":"https:\/\/lapapeteriedetulette.com\/en\/wp-json\/wp\/v2\/media?parent=198"}],"curies":[{"name":"wp","href":"https:\/\/api.w.org\/{rel}","templated":true}]}}